{"id":2,"date":"2020-12-01T13:02:51","date_gmt":"2020-12-01T12:02:51","guid":{"rendered":"http:\/\/mustangklubben.hemsida.eu\/vastra-malardalen\/?page_id=2"},"modified":"2024-10-05T18:21:21","modified_gmt":"2024-10-05T16:21:21","slug":"exempelsida","status":"publish","type":"page","link":"https:\/\/mustangclubsweden.org\/vastra-malardalen\/","title":{"rendered":"Startsida V\u00e4stra M\u00e4lardalen"},"content":{"rendered":"<blockquote>\n<div id=\"attachment_1875\" style=\"width: 310px\" class=\"wp-caption alignright\"><img aria-describedby=\"caption-attachment-1875\" loading=\"lazy\" class=\"size-medium wp-image-1875\" title=\"Crew VM 2024\" src=\"https:\/\/mustangclubsweden.org\/vastra-malardalen\/wp-content\/uploads\/sites\/8\/2024\/09\/Crew_VM_2024a-300x225.jpg\" alt=\"Crew VM 2024\" width=\"300\" height=\"225\" srcset=\"https:\/\/mustangclubsweden.org\/vastra-malardalen\/wp-content\/uploads\/sites\/8\/2024\/09\/Crew_VM_2024a-300x225.jpg 300w, https:\/\/mustangclubsweden.org\/vastra-malardalen\/wp-content\/uploads\/sites\/8\/2024\/09\/Crew_VM_2024a-1024x768.jpg 1024w, https:\/\/mustangclubsweden.org\/vastra-malardalen\/wp-content\/uploads\/sites\/8\/2024\/09\/Crew_VM_2024a-768x576.jpg 768w, https:\/\/mustangclubsweden.org\/vastra-malardalen\/wp-content\/uploads\/sites\/8\/2024\/09\/Crew_VM_2024a-1536x1152.jpg 1536w, https:\/\/mustangclubsweden.org\/vastra-malardalen\/wp-content\/uploads\/sites\/8\/2024\/09\/Crew_VM_2024a.jpg 2048w\" sizes=\"(max-width: 300px) 100vw, 300px\" \/><p id=\"caption-attachment-1875\" class=\"wp-caption-text\">Crew VM 2024<\/p><\/div><\/blockquote>\n","protected":false},"excerpt":{"rendered":"","protected":false},"author":1,"featured_media":0,"parent":0,"menu_order":0,"comment_status":"closed","ping_status":"open","template":"page-templates\/startsida.php","meta":{"_monsterinsights_skip_tracking":false,"_monsterinsights_sitenote_active":false,"_monsterinsights_sitenote_note":"","_monsterinsights_sitenote_category":0},"yoast_head":"<!-- This site is optimized with the Yoast SEO plugin v16.1.1 - https:\/\/yoast.com\/wordpress\/plugins\/seo\/ -->\n<title>V\u00e4stra M\u00e4lardalen - Classic Mustang Club Sweden<\/title>\n<meta name=\"description\" content=\"V\u00e4stra M\u00e4lardalen - Classic Mustang Club Sweden \u00e4r en sj\u00e4lvklarhet f\u00f6r dig som brinner f\u00f6r Ford Mustang \u2013 the first Ponycar!\" \/>\n<link rel=\"canonical\" href=\"https:\/\/mustangclubsweden.org\/vastra-malardalen\/\" \/>\n<meta property=\"og:locale\" content=\"sv_SE\" \/>\n<meta property=\"og:type\" content=\"article\" \/>\n<meta property=\"og:title\" content=\"V\u00e4stra M\u00e4lardalen - Classic Mustang Club Sweden\" \/>\n<meta property=\"og:description\" content=\"V\u00e4stra M\u00e4lardalen - Classic Mustang Club Sweden \u00e4r en sj\u00e4lvklarhet f\u00f6r dig som brinner f\u00f6r Ford Mustang \u2013 the first Ponycar!\" \/>\n<meta property=\"og:url\" content=\"https:\/\/mustangclubsweden.org\/vastra-malardalen\/\" \/>\n<meta property=\"og:site_name\" content=\"V\u00e4stra M\u00e4lardalen\" \/>\n<meta property=\"article:modified_time\" content=\"2024-10-05T16:21:21+00:00\" \/>\n<meta property=\"og:image\" content=\"https:\/\/mustangclubsweden.org\/vastra-malardalen\/wp-content\/uploads\/sites\/8\/2024\/09\/Crew_VM_2024a-300x225.jpg\" \/>\n<meta name=\"twitter:card\" content=\"summary_large_image\" \/>\n<meta name=\"twitter:label1\" content=\"Ber\u00e4knad l\u00e4stid\">\n\t<meta name=\"twitter:data1\" content=\"1 minut\">\n<script type=\"application\/ld+json\" class=\"yoast-schema-graph\">{\"@context\":\"https:\/\/schema.org\",\"@graph\":[{\"@type\":\"WebSite\",\"@id\":\"https:\/\/mustangclubsweden.org\/vastra-malardalen\/#website\",\"url\":\"https:\/\/mustangclubsweden.org\/vastra-malardalen\/\",\"name\":\"V\\u00e4stra M\\u00e4lardalen\",\"description\":\"Region V\\u00e4stra M\\u00e4lardalen hos Classic Mustang Club Sweden\",\"potentialAction\":[{\"@type\":\"SearchAction\",\"target\":\"https:\/\/mustangclubsweden.org\/vastra-malardalen\/?s={search_term_string}\",\"query-input\":\"required name=search_term_string\"}],\"inLanguage\":\"sv-SE\"},{\"@type\":\"ImageObject\",\"@id\":\"https:\/\/mustangclubsweden.org\/vastra-malardalen\/#primaryimage\",\"inLanguage\":\"sv-SE\",\"url\":\"https:\/\/mustangclubsweden.org\/vastra-malardalen\/wp-content\/uploads\/sites\/8\/2024\/09\/Crew_VM_2024a.jpg\",\"contentUrl\":\"https:\/\/mustangclubsweden.org\/vastra-malardalen\/wp-content\/uploads\/sites\/8\/2024\/09\/Crew_VM_2024a.jpg\",\"width\":2048,\"height\":1536,\"caption\":\"Crew VM 2024\"},{\"@type\":\"WebPage\",\"@id\":\"https:\/\/mustangclubsweden.org\/vastra-malardalen\/#webpage\",\"url\":\"https:\/\/mustangclubsweden.org\/vastra-malardalen\/\",\"name\":\"V\\u00e4stra M\\u00e4lardalen - Classic Mustang Club Sweden\",\"isPartOf\":{\"@id\":\"https:\/\/mustangclubsweden.org\/vastra-malardalen\/#website\"},\"primaryImageOfPage\":{\"@id\":\"https:\/\/mustangclubsweden.org\/vastra-malardalen\/#primaryimage\"},\"datePublished\":\"2020-12-01T12:02:51+00:00\",\"dateModified\":\"2024-10-05T16:21:21+00:00\",\"description\":\"V\\u00e4stra M\\u00e4lardalen - Classic Mustang Club Sweden \\u00e4r en sj\\u00e4lvklarhet f\\u00f6r dig som brinner f\\u00f6r Ford Mustang \\u2013 the first Ponycar!\",\"breadcrumb\":{\"@id\":\"https:\/\/mustangclubsweden.org\/vastra-malardalen\/#breadcrumb\"},\"inLanguage\":\"sv-SE\",\"potentialAction\":[{\"@type\":\"ReadAction\",\"target\":[\"https:\/\/mustangclubsweden.org\/vastra-malardalen\/\"]}]},{\"@type\":\"BreadcrumbList\",\"@id\":\"https:\/\/mustangclubsweden.org\/vastra-malardalen\/#breadcrumb\",\"itemListElement\":[{\"@type\":\"ListItem\",\"position\":1,\"item\":{\"@type\":\"WebPage\",\"@id\":\"https:\/\/mustangclubsweden.org\/vastra-malardalen\/\",\"url\":\"https:\/\/mustangclubsweden.org\/vastra-malardalen\/\",\"name\":\"Hem\"}},{\"@type\":\"ListItem\",\"position\":2,\"item\":{\"@type\":\"WebPage\",\"@id\":\"https:\/\/mustangclubsweden.org\/vastra-malardalen\/\",\"url\":\"https:\/\/mustangclubsweden.org\/vastra-malardalen\/\",\"name\":\"Startsida V\\u00e4stra M\\u00e4lardalen\"}}]}]}<\/script>\n<!-- \/ Yoast SEO plugin. -->","_links":{"self":[{"href":"https:\/\/mustangclubsweden.org\/vastra-malardalen\/wp-json\/wp\/v2\/pages\/2"}],"collection":[{"href":"https:\/\/mustangclubsweden.org\/vastra-malardalen\/wp-json\/wp\/v2\/pages"}],"about":[{"href":"https:\/\/mustangclubsweden.org\/vastra-malardalen\/wp-json\/wp\/v2\/types\/page"}],"author":[{"embeddable":true,"href":"https:\/\/mustangclubsweden.org\/vastra-malardalen\/wp-json\/wp\/v2\/users\/1"}],"replies":[{"embeddable":true,"href":"https:\/\/mustangclubsweden.org\/vastra-malardalen\/wp-json\/wp\/v2\/comments?post=2"}],"version-history":[{"count":26,"href":"https:\/\/mustangclubsweden.org\/vastra-malardalen\/wp-json\/wp\/v2\/pages\/2\/revisions"}],"predecessor-version":[{"id":2086,"href":"https:\/\/mustangclubsweden.org\/vastra-malardalen\/wp-json\/wp\/v2\/pages\/2\/revisions\/2086"}],"wp:attachment":[{"href":"https:\/\/mustangclubsweden.org\/vastra-malardalen\/wp-json\/wp\/v2\/media?parent=2"}],"curies":[{"name":"wp","href":"https:\/\/api.w.org\/{rel}","templated":true}]}}