{"id":150,"date":"2020-12-21T13:09:02","date_gmt":"2020-12-21T12:09:02","guid":{"rendered":"http:\/\/mustangklubben.hemsida.eu\/vastra-malardalen\/?page_id=150"},"modified":"2023-09-16T23:35:52","modified_gmt":"2023-09-16T21:35:52","slug":"kontakt-vastra-malardalen","status":"publish","type":"page","link":"https:\/\/mustangclubsweden.org\/vastra-malardalen\/kontakt-vastra-malardalen\/","title":{"rendered":"Kontakt V\u00e4stra M\u00e4lardalen"},"content":{"rendered":"<blockquote><p><img loading=\"lazy\" class=\"alignright size-medium wp-image-799\" title=\"H\u00e4starna \u00e4r i hagen\" src=\"https:\/\/mustangclubsweden.org\/vastra-malardalen\/wp-content\/uploads\/sites\/8\/2022\/01\/421EC6B5-E6FB-4C98-9EED-782D17356886-300x164.jpeg\" alt=\"\" width=\"300\" height=\"164\" srcset=\"https:\/\/mustangclubsweden.org\/vastra-malardalen\/wp-content\/uploads\/sites\/8\/2022\/01\/421EC6B5-E6FB-4C98-9EED-782D17356886-300x164.jpeg 300w, https:\/\/mustangclubsweden.org\/vastra-malardalen\/wp-content\/uploads\/sites\/8\/2022\/01\/421EC6B5-E6FB-4C98-9EED-782D17356886-1024x561.jpeg 1024w, https:\/\/mustangclubsweden.org\/vastra-malardalen\/wp-content\/uploads\/sites\/8\/2022\/01\/421EC6B5-E6FB-4C98-9EED-782D17356886-768x421.jpeg 768w, https:\/\/mustangclubsweden.org\/vastra-malardalen\/wp-content\/uploads\/sites\/8\/2022\/01\/421EC6B5-E6FB-4C98-9EED-782D17356886-1536x842.jpeg 1536w, https:\/\/mustangclubsweden.org\/vastra-malardalen\/wp-content\/uploads\/sites\/8\/2022\/01\/421EC6B5-E6FB-4C98-9EED-782D17356886-2048x1123.jpeg 2048w\" sizes=\"(max-width: 300px) 100vw, 300px\" \/><\/p><\/blockquote>\n","protected":false},"excerpt":{"rendered":"","protected":false},"author":1,"featured_media":799,"parent":0,"menu_order":0,"comment_status":"closed","ping_status":"closed","template":"page-templates\/region-kontakt.php","meta":{"_monsterinsights_skip_tracking":false,"_monsterinsights_sitenote_active":false,"_monsterinsights_sitenote_note":"","_monsterinsights_sitenote_category":0},"yoast_head":"<!-- This site is optimized with the Yoast SEO plugin v16.1.1 - https:\/\/yoast.com\/wordpress\/plugins\/seo\/ -->\n<title>Kontakt V\u00e4stra M\u00e4lardalen - V\u00e4stra M\u00e4lardalen<\/title>\n<link rel=\"canonical\" href=\"https:\/\/mustangclubsweden.org\/vastra-malardalen\/kontakt-vastra-malardalen\/\" \/>\n<meta property=\"og:locale\" content=\"sv_SE\" \/>\n<meta property=\"og:type\" content=\"article\" \/>\n<meta property=\"og:title\" content=\"Kontakt V\u00e4stra M\u00e4lardalen - V\u00e4stra M\u00e4lardalen\" \/>\n<meta property=\"og:url\" content=\"https:\/\/mustangclubsweden.org\/vastra-malardalen\/kontakt-vastra-malardalen\/\" \/>\n<meta property=\"og:site_name\" content=\"V\u00e4stra M\u00e4lardalen\" \/>\n<meta property=\"article:modified_time\" content=\"2023-09-16T21:35:52+00:00\" \/>\n<meta property=\"og:image\" content=\"https:\/\/mustangclubsweden.org\/vastra-malardalen\/wp-content\/uploads\/sites\/8\/2022\/01\/421EC6B5-E6FB-4C98-9EED-782D17356886-scaled.jpeg\" \/>\n\t<meta property=\"og:image:width\" content=\"2560\" \/>\n\t<meta property=\"og:image:height\" content=\"1403\" \/>\n<meta name=\"twitter:card\" content=\"summary_large_image\" \/>\n<meta name=\"twitter:label1\" content=\"Ber\u00e4knad l\u00e4stid\">\n\t<meta name=\"twitter:data1\" content=\"1 minut\">\n<script type=\"application\/ld+json\" class=\"yoast-schema-graph\">{\"@context\":\"https:\/\/schema.org\",\"@graph\":[{\"@type\":\"WebSite\",\"@id\":\"https:\/\/mustangclubsweden.org\/vastra-malardalen\/#website\",\"url\":\"https:\/\/mustangclubsweden.org\/vastra-malardalen\/\",\"name\":\"V\\u00e4stra M\\u00e4lardalen\",\"description\":\"Region V\\u00e4stra M\\u00e4lardalen hos Classic Mustang Club Sweden\",\"potentialAction\":[{\"@type\":\"SearchAction\",\"target\":\"https:\/\/mustangclubsweden.org\/vastra-malardalen\/?s={search_term_string}\",\"query-input\":\"required name=search_term_string\"}],\"inLanguage\":\"sv-SE\"},{\"@type\":\"ImageObject\",\"@id\":\"https:\/\/mustangclubsweden.org\/vastra-malardalen\/kontakt-vastra-malardalen\/#primaryimage\",\"inLanguage\":\"sv-SE\",\"url\":\"https:\/\/mustangclubsweden.org\/vastra-malardalen\/wp-content\/uploads\/sites\/8\/2022\/01\/421EC6B5-E6FB-4C98-9EED-782D17356886-scaled.jpeg\",\"contentUrl\":\"https:\/\/mustangclubsweden.org\/vastra-malardalen\/wp-content\/uploads\/sites\/8\/2022\/01\/421EC6B5-E6FB-4C98-9EED-782D17356886-scaled.jpeg\",\"width\":2560,\"height\":1403},{\"@type\":\"WebPage\",\"@id\":\"https:\/\/mustangclubsweden.org\/vastra-malardalen\/kontakt-vastra-malardalen\/#webpage\",\"url\":\"https:\/\/mustangclubsweden.org\/vastra-malardalen\/kontakt-vastra-malardalen\/\",\"name\":\"Kontakt V\\u00e4stra M\\u00e4lardalen - V\\u00e4stra M\\u00e4lardalen\",\"isPartOf\":{\"@id\":\"https:\/\/mustangclubsweden.org\/vastra-malardalen\/#website\"},\"primaryImageOfPage\":{\"@id\":\"https:\/\/mustangclubsweden.org\/vastra-malardalen\/kontakt-vastra-malardalen\/#primaryimage\"},\"datePublished\":\"2020-12-21T12:09:02+00:00\",\"dateModified\":\"2023-09-16T21:35:52+00:00\",\"breadcrumb\":{\"@id\":\"https:\/\/mustangclubsweden.org\/vastra-malardalen\/kontakt-vastra-malardalen\/#breadcrumb\"},\"inLanguage\":\"sv-SE\",\"potentialAction\":[{\"@type\":\"ReadAction\",\"target\":[\"https:\/\/mustangclubsweden.org\/vastra-malardalen\/kontakt-vastra-malardalen\/\"]}]},{\"@type\":\"BreadcrumbList\",\"@id\":\"https:\/\/mustangclubsweden.org\/vastra-malardalen\/kontakt-vastra-malardalen\/#breadcrumb\",\"itemListElement\":[{\"@type\":\"ListItem\",\"position\":1,\"item\":{\"@type\":\"WebPage\",\"@id\":\"https:\/\/mustangclubsweden.org\/vastra-malardalen\/\",\"url\":\"https:\/\/mustangclubsweden.org\/vastra-malardalen\/\",\"name\":\"Hem\"}},{\"@type\":\"ListItem\",\"position\":2,\"item\":{\"@type\":\"WebPage\",\"@id\":\"https:\/\/mustangclubsweden.org\/vastra-malardalen\/kontakt-vastra-malardalen\/\",\"url\":\"https:\/\/mustangclubsweden.org\/vastra-malardalen\/kontakt-vastra-malardalen\/\",\"name\":\"Kontakt V\\u00e4stra M\\u00e4lardalen\"}}]}]}<\/script>\n<!-- \/ Yoast SEO plugin. -->","_links":{"self":[{"href":"https:\/\/mustangclubsweden.org\/vastra-malardalen\/wp-json\/wp\/v2\/pages\/150"}],"collection":[{"href":"https:\/\/mustangclubsweden.org\/vastra-malardalen\/wp-json\/wp\/v2\/pages"}],"about":[{"href":"https:\/\/mustangclubsweden.org\/vastra-malardalen\/wp-json\/wp\/v2\/types\/page"}],"author":[{"embeddable":true,"href":"https:\/\/mustangclubsweden.org\/vastra-malardalen\/wp-json\/wp\/v2\/users\/1"}],"replies":[{"embeddable":true,"href":"https:\/\/mustangclubsweden.org\/vastra-malardalen\/wp-json\/wp\/v2\/comments?post=150"}],"version-history":[{"count":39,"href":"https:\/\/mustangclubsweden.org\/vastra-malardalen\/wp-json\/wp\/v2\/pages\/150\/revisions"}],"predecessor-version":[{"id":1384,"href":"https:\/\/mustangclubsweden.org\/vastra-malardalen\/wp-json\/wp\/v2\/pages\/150\/revisions\/1384"}],"wp:featuredmedia":[{"embeddable":true,"href":"https:\/\/mustangclubsweden.org\/vastra-malardalen\/wp-json\/wp\/v2\/media\/799"}],"wp:attachment":[{"href":"https:\/\/mustangclubsweden.org\/vastra-malardalen\/wp-json\/wp\/v2\/media?parent=150"}],"curies":[{"name":"wp","href":"https:\/\/api.w.org\/{rel}","templated":true}]}}