{"id":2,"date":"2020-12-01T13:02:18","date_gmt":"2020-12-01T12:02:18","guid":{"rendered":"http:\/\/mustangklubben.hemsida.eu\/sydost\/?page_id=2"},"modified":"2023-08-13T10:40:15","modified_gmt":"2023-08-13T08:40:15","slug":"exempelsida","status":"publish","type":"page","link":"https:\/\/mustangclubsweden.org\/sydost\/","title":{"rendered":"Startsida Sydost"},"content":{"rendered":"","protected":false},"excerpt":{"rendered":"","protected":false},"author":1,"featured_media":0,"parent":0,"menu_order":0,"comment_status":"closed","ping_status":"closed","template":"page-templates\/startsida.php","meta":{"_monsterinsights_skip_tracking":false,"_monsterinsights_sitenote_active":false,"_monsterinsights_sitenote_note":"","_monsterinsights_sitenote_category":0},"yoast_head":"<!-- This site is optimized with the Yoast SEO plugin v16.1.1 - https:\/\/yoast.com\/wordpress\/plugins\/seo\/ -->\n<title>Sydost - Classic Mustang Club Sweden<\/title>\n<meta name=\"description\" content=\"Sydost - Classic Mustang Club Sweden \u00e4r en sj\u00e4lvklarhet f\u00f6r dig som brinner f\u00f6r Ford Mustang \u2013 the first Ponycar!\" \/>\n<link rel=\"canonical\" href=\"https:\/\/mustangclubsweden.org\/sydost\/\" \/>\n<meta property=\"og:locale\" content=\"sv_SE\" \/>\n<meta property=\"og:type\" content=\"article\" \/>\n<meta property=\"og:title\" content=\"Sydost - Classic Mustang Club Sweden\" \/>\n<meta property=\"og:description\" content=\"Sydost - Classic Mustang Club Sweden \u00e4r en sj\u00e4lvklarhet f\u00f6r dig som brinner f\u00f6r Ford Mustang \u2013 the first Ponycar!\" \/>\n<meta property=\"og:url\" content=\"https:\/\/mustangclubsweden.org\/sydost\/\" \/>\n<meta property=\"og:site_name\" content=\"Sydost\" \/>\n<meta property=\"article:modified_time\" content=\"2023-08-13T08:40:15+00:00\" \/>\n<meta name=\"twitter:card\" content=\"summary_large_image\" \/>\n<script type=\"application\/ld+json\" class=\"yoast-schema-graph\">{\"@context\":\"https:\/\/schema.org\",\"@graph\":[{\"@type\":\"WebSite\",\"@id\":\"https:\/\/mustangclubsweden.org\/sydost\/#website\",\"url\":\"https:\/\/mustangclubsweden.org\/sydost\/\",\"name\":\"Sydost\",\"description\":\"Region Sydost hos Classic Mustang Club Sweden\",\"potentialAction\":[{\"@type\":\"SearchAction\",\"target\":\"https:\/\/mustangclubsweden.org\/sydost\/?s={search_term_string}\",\"query-input\":\"required name=search_term_string\"}],\"inLanguage\":\"sv-SE\"},{\"@type\":\"WebPage\",\"@id\":\"https:\/\/mustangclubsweden.org\/sydost\/#webpage\",\"url\":\"https:\/\/mustangclubsweden.org\/sydost\/\",\"name\":\"Sydost - Classic Mustang Club Sweden\",\"isPartOf\":{\"@id\":\"https:\/\/mustangclubsweden.org\/sydost\/#website\"},\"datePublished\":\"2020-12-01T12:02:18+00:00\",\"dateModified\":\"2023-08-13T08:40:15+00:00\",\"description\":\"Sydost - Classic Mustang Club Sweden \\u00e4r en sj\\u00e4lvklarhet f\\u00f6r dig som brinner f\\u00f6r Ford Mustang \\u2013 the first Ponycar!\",\"breadcrumb\":{\"@id\":\"https:\/\/mustangclubsweden.org\/sydost\/#breadcrumb\"},\"inLanguage\":\"sv-SE\",\"potentialAction\":[{\"@type\":\"ReadAction\",\"target\":[\"https:\/\/mustangclubsweden.org\/sydost\/\"]}]},{\"@type\":\"BreadcrumbList\",\"@id\":\"https:\/\/mustangclubsweden.org\/sydost\/#breadcrumb\",\"itemListElement\":[{\"@type\":\"ListItem\",\"position\":1,\"item\":{\"@type\":\"WebPage\",\"@id\":\"https:\/\/mustangclubsweden.org\/sydost\/\",\"url\":\"https:\/\/mustangclubsweden.org\/sydost\/\",\"name\":\"Hem\"}},{\"@type\":\"ListItem\",\"position\":2,\"item\":{\"@type\":\"WebPage\",\"@id\":\"https:\/\/mustangclubsweden.org\/sydost\/\",\"url\":\"https:\/\/mustangclubsweden.org\/sydost\/\",\"name\":\"Startsida Sydost\"}}]}]}<\/script>\n<!-- \/ Yoast SEO plugin. -->","_links":{"self":[{"href":"https:\/\/mustangclubsweden.org\/sydost\/wp-json\/wp\/v2\/pages\/2"}],"collection":[{"href":"https:\/\/mustangclubsweden.org\/sydost\/wp-json\/wp\/v2\/pages"}],"about":[{"href":"https:\/\/mustangclubsweden.org\/sydost\/wp-json\/wp\/v2\/types\/page"}],"author":[{"embeddable":true,"href":"https:\/\/mustangclubsweden.org\/sydost\/wp-json\/wp\/v2\/users\/1"}],"replies":[{"embeddable":true,"href":"https:\/\/mustangclubsweden.org\/sydost\/wp-json\/wp\/v2\/comments?post=2"}],"version-history":[{"count":8,"href":"https:\/\/mustangclubsweden.org\/sydost\/wp-json\/wp\/v2\/pages\/2\/revisions"}],"predecessor-version":[{"id":1198,"href":"https:\/\/mustangclubsweden.org\/sydost\/wp-json\/wp\/v2\/pages\/2\/revisions\/1198"}],"wp:attachment":[{"href":"https:\/\/mustangclubsweden.org\/sydost\/wp-json\/wp\/v2\/media?parent=2"}],"curies":[{"name":"wp","href":"https:\/\/api.w.org\/{rel}","templated":true}]}}