{"id":2,"date":"2020-12-01T13:02:05","date_gmt":"2020-12-01T12:02:05","guid":{"rendered":"http:\/\/mustangklubben.hemsida.eu\/syd\/?page_id=2"},"modified":"2026-03-30T11:25:54","modified_gmt":"2026-03-30T09:25:54","slug":"startsida-syd","status":"publish","type":"page","link":"https:\/\/mustangclubsweden.org\/syd\/","title":{"rendered":"Startsida Syd"},"content":{"rendered":"","protected":false},"excerpt":{"rendered":"","protected":false},"author":1,"featured_media":2453,"parent":0,"menu_order":0,"comment_status":"closed","ping_status":"closed","template":"page-templates\/startsida.php","meta":{"_monsterinsights_skip_tracking":false,"_monsterinsights_sitenote_active":false,"_monsterinsights_sitenote_note":"","_monsterinsights_sitenote_category":0},"yoast_head":"<!-- This site is optimized with the Yoast SEO plugin v16.1.1 - https:\/\/yoast.com\/wordpress\/plugins\/seo\/ -->\n<title>Syd - Classic Mustang Club Sweden<\/title>\n<meta name=\"description\" content=\"Syd - Classic Mustang Club Sweden \u00e4r en sj\u00e4lvklarhet f\u00f6r dig som brinner f\u00f6r Ford Mustang \u2013 the first Ponycar!\" \/>\n<link rel=\"canonical\" href=\"https:\/\/mustangclubsweden.org\/syd\/\" \/>\n<meta property=\"og:locale\" content=\"sv_SE\" \/>\n<meta property=\"og:type\" content=\"article\" \/>\n<meta property=\"og:title\" content=\"Syd - Classic Mustang Club Sweden\" \/>\n<meta property=\"og:description\" content=\"Syd - Classic Mustang Club Sweden \u00e4r en sj\u00e4lvklarhet f\u00f6r dig som brinner f\u00f6r Ford Mustang \u2013 the first Ponycar!\" \/>\n<meta property=\"og:url\" content=\"https:\/\/mustangclubsweden.org\/syd\/\" \/>\n<meta property=\"og:site_name\" content=\"Syd\" \/>\n<meta property=\"article:modified_time\" content=\"2026-03-30T09:25:54+00:00\" \/>\n<meta property=\"og:image\" content=\"https:\/\/mustangclubsweden.org\/syd\/wp-content\/uploads\/sites\/5\/2026\/03\/Lars-och-Lars.jpg\" \/>\n\t<meta property=\"og:image:width\" content=\"1639\" \/>\n\t<meta property=\"og:image:height\" content=\"922\" \/>\n<meta name=\"twitter:card\" content=\"summary_large_image\" \/>\n<script type=\"application\/ld+json\" class=\"yoast-schema-graph\">{\"@context\":\"https:\/\/schema.org\",\"@graph\":[{\"@type\":\"WebSite\",\"@id\":\"https:\/\/mustangclubsweden.org\/syd\/#website\",\"url\":\"https:\/\/mustangclubsweden.org\/syd\/\",\"name\":\"Syd\",\"description\":\"Region Syd hos Classic Mustang Club Sweden\",\"potentialAction\":[{\"@type\":\"SearchAction\",\"target\":\"https:\/\/mustangclubsweden.org\/syd\/?s={search_term_string}\",\"query-input\":\"required name=search_term_string\"}],\"inLanguage\":\"sv-SE\"},{\"@type\":\"ImageObject\",\"@id\":\"https:\/\/mustangclubsweden.org\/syd\/#primaryimage\",\"inLanguage\":\"sv-SE\",\"url\":\"https:\/\/mustangclubsweden.org\/syd\/wp-content\/uploads\/sites\/5\/2026\/03\/Lars-och-Lars.jpg\",\"contentUrl\":\"https:\/\/mustangclubsweden.org\/syd\/wp-content\/uploads\/sites\/5\/2026\/03\/Lars-och-Lars.jpg\",\"width\":1639,\"height\":922,\"caption\":\"Lars och Lars\"},{\"@type\":\"WebPage\",\"@id\":\"https:\/\/mustangclubsweden.org\/syd\/#webpage\",\"url\":\"https:\/\/mustangclubsweden.org\/syd\/\",\"name\":\"Syd - Classic Mustang Club Sweden\",\"isPartOf\":{\"@id\":\"https:\/\/mustangclubsweden.org\/syd\/#website\"},\"primaryImageOfPage\":{\"@id\":\"https:\/\/mustangclubsweden.org\/syd\/#primaryimage\"},\"datePublished\":\"2020-12-01T12:02:05+00:00\",\"dateModified\":\"2026-03-30T09:25:54+00:00\",\"description\":\"Syd - Classic Mustang Club Sweden \\u00e4r en sj\\u00e4lvklarhet f\\u00f6r dig som brinner f\\u00f6r Ford Mustang \\u2013 the first Ponycar!\",\"breadcrumb\":{\"@id\":\"https:\/\/mustangclubsweden.org\/syd\/#breadcrumb\"},\"inLanguage\":\"sv-SE\",\"potentialAction\":[{\"@type\":\"ReadAction\",\"target\":[\"https:\/\/mustangclubsweden.org\/syd\/\"]}]},{\"@type\":\"BreadcrumbList\",\"@id\":\"https:\/\/mustangclubsweden.org\/syd\/#breadcrumb\",\"itemListElement\":[{\"@type\":\"ListItem\",\"position\":1,\"item\":{\"@type\":\"WebPage\",\"@id\":\"https:\/\/mustangclubsweden.org\/syd\/\",\"url\":\"https:\/\/mustangclubsweden.org\/syd\/\",\"name\":\"Hem\"}},{\"@type\":\"ListItem\",\"position\":2,\"item\":{\"@type\":\"WebPage\",\"@id\":\"https:\/\/mustangclubsweden.org\/syd\/\",\"url\":\"https:\/\/mustangclubsweden.org\/syd\/\",\"name\":\"Startsida Syd\"}}]}]}<\/script>\n<!-- \/ Yoast SEO plugin. -->","_links":{"self":[{"href":"https:\/\/mustangclubsweden.org\/syd\/wp-json\/wp\/v2\/pages\/2"}],"collection":[{"href":"https:\/\/mustangclubsweden.org\/syd\/wp-json\/wp\/v2\/pages"}],"about":[{"href":"https:\/\/mustangclubsweden.org\/syd\/wp-json\/wp\/v2\/types\/page"}],"author":[{"embeddable":true,"href":"https:\/\/mustangclubsweden.org\/syd\/wp-json\/wp\/v2\/users\/1"}],"replies":[{"embeddable":true,"href":"https:\/\/mustangclubsweden.org\/syd\/wp-json\/wp\/v2\/comments?post=2"}],"version-history":[{"count":9,"href":"https:\/\/mustangclubsweden.org\/syd\/wp-json\/wp\/v2\/pages\/2\/revisions"}],"predecessor-version":[{"id":2458,"href":"https:\/\/mustangclubsweden.org\/syd\/wp-json\/wp\/v2\/pages\/2\/revisions\/2458"}],"wp:featuredmedia":[{"embeddable":true,"href":"https:\/\/mustangclubsweden.org\/syd\/wp-json\/wp\/v2\/media\/2453"}],"wp:attachment":[{"href":"https:\/\/mustangclubsweden.org\/syd\/wp-json\/wp\/v2\/media?parent=2"}],"curies":[{"name":"wp","href":"https:\/\/api.w.org\/{rel}","templated":true}]}}