{"id":2,"date":"2020-12-01T13:03:42","date_gmt":"2020-12-01T12:03:42","guid":{"rendered":"http:\/\/mustangklubben.hemsida.eu\/ostra-gotaland\/?page_id=2"},"modified":"2025-11-25T18:35:16","modified_gmt":"2025-11-25T17:35:16","slug":"startsida-ostra-gotaland","status":"publish","type":"page","link":"https:\/\/mustangclubsweden.org\/ostra-gotaland\/","title":{"rendered":"Startsida \u00d6stra G\u00f6taland"},"content":{"rendered":"","protected":false},"excerpt":{"rendered":"","protected":false},"author":1,"featured_media":672,"parent":0,"menu_order":0,"comment_status":"closed","ping_status":"open","template":"page-templates\/startsida.php","meta":{"_monsterinsights_skip_tracking":false,"_monsterinsights_sitenote_active":false,"_monsterinsights_sitenote_note":"","_monsterinsights_sitenote_category":0},"yoast_head":"<!-- This site is optimized with the Yoast SEO plugin v16.1.1 - https:\/\/yoast.com\/wordpress\/plugins\/seo\/ -->\n<title>\u00d6stra G\u00f6taland - Classic Mustang Club Sweden<\/title>\n<meta name=\"description\" content=\"\u00d6stra G\u00f6taland - Classic Mustang Club Sweden \u00e4r en sj\u00e4lvklarhet f\u00f6r dig som brinner f\u00f6r Ford Mustang \u2013 the first Ponycar!\" \/>\n<link rel=\"canonical\" href=\"https:\/\/mustangclubsweden.org\/ostra-gotaland\/\" \/>\n<meta property=\"og:locale\" content=\"sv_SE\" \/>\n<meta property=\"og:type\" content=\"article\" \/>\n<meta property=\"og:title\" content=\"\u00d6stra G\u00f6taland - Classic Mustang Club Sweden\" \/>\n<meta property=\"og:description\" content=\"\u00d6stra G\u00f6taland - Classic Mustang Club Sweden \u00e4r en sj\u00e4lvklarhet f\u00f6r dig som brinner f\u00f6r Ford Mustang \u2013 the first Ponycar!\" \/>\n<meta property=\"og:url\" content=\"https:\/\/mustangclubsweden.org\/ostra-gotaland\/\" \/>\n<meta property=\"og:site_name\" content=\"\u00d6stra G\u00f6taland\" \/>\n<meta property=\"article:modified_time\" content=\"2025-11-25T17:35:16+00:00\" \/>\n<meta property=\"og:image\" content=\"https:\/\/mustangclubsweden.org\/ostra-gotaland\/wp-content\/uploads\/sites\/12\/2025\/11\/IMG_20250726_104944-scaled.jpg\" \/>\n\t<meta property=\"og:image:width\" content=\"2560\" \/>\n\t<meta property=\"og:image:height\" content=\"1923\" \/>\n<meta name=\"twitter:card\" content=\"summary_large_image\" \/>\n<script type=\"application\/ld+json\" class=\"yoast-schema-graph\">{\"@context\":\"https:\/\/schema.org\",\"@graph\":[{\"@type\":\"WebSite\",\"@id\":\"https:\/\/mustangclubsweden.org\/ostra-gotaland\/#website\",\"url\":\"https:\/\/mustangclubsweden.org\/ostra-gotaland\/\",\"name\":\"\\u00d6stra G\\u00f6taland\",\"description\":\"Region \\u00d6stra-G\\u00f6taland hos Classic Mustang Club Sweden\",\"potentialAction\":[{\"@type\":\"SearchAction\",\"target\":\"https:\/\/mustangclubsweden.org\/ostra-gotaland\/?s={search_term_string}\",\"query-input\":\"required name=search_term_string\"}],\"inLanguage\":\"sv-SE\"},{\"@type\":\"ImageObject\",\"@id\":\"https:\/\/mustangclubsweden.org\/ostra-gotaland\/#primaryimage\",\"inLanguage\":\"sv-SE\",\"url\":\"https:\/\/mustangclubsweden.org\/ostra-gotaland\/wp-content\/uploads\/sites\/12\/2025\/11\/IMG_20250726_104944-scaled.jpg\",\"contentUrl\":\"https:\/\/mustangclubsweden.org\/ostra-gotaland\/wp-content\/uploads\/sites\/12\/2025\/11\/IMG_20250726_104944-scaled.jpg\",\"width\":2560,\"height\":1923,\"caption\":\"IMG 20250726 104944\"},{\"@type\":\"WebPage\",\"@id\":\"https:\/\/mustangclubsweden.org\/ostra-gotaland\/#webpage\",\"url\":\"https:\/\/mustangclubsweden.org\/ostra-gotaland\/\",\"name\":\"\\u00d6stra G\\u00f6taland - Classic Mustang Club Sweden\",\"isPartOf\":{\"@id\":\"https:\/\/mustangclubsweden.org\/ostra-gotaland\/#website\"},\"primaryImageOfPage\":{\"@id\":\"https:\/\/mustangclubsweden.org\/ostra-gotaland\/#primaryimage\"},\"datePublished\":\"2020-12-01T12:03:42+00:00\",\"dateModified\":\"2025-11-25T17:35:16+00:00\",\"description\":\"\\u00d6stra G\\u00f6taland - Classic Mustang Club Sweden \\u00e4r en sj\\u00e4lvklarhet f\\u00f6r dig som brinner f\\u00f6r Ford Mustang \\u2013 the first Ponycar!\",\"breadcrumb\":{\"@id\":\"https:\/\/mustangclubsweden.org\/ostra-gotaland\/#breadcrumb\"},\"inLanguage\":\"sv-SE\",\"potentialAction\":[{\"@type\":\"ReadAction\",\"target\":[\"https:\/\/mustangclubsweden.org\/ostra-gotaland\/\"]}]},{\"@type\":\"BreadcrumbList\",\"@id\":\"https:\/\/mustangclubsweden.org\/ostra-gotaland\/#breadcrumb\",\"itemListElement\":[{\"@type\":\"ListItem\",\"position\":1,\"item\":{\"@type\":\"WebPage\",\"@id\":\"https:\/\/mustangclubsweden.org\/ostra-gotaland\/\",\"url\":\"https:\/\/mustangclubsweden.org\/ostra-gotaland\/\",\"name\":\"Hem\"}},{\"@type\":\"ListItem\",\"position\":2,\"item\":{\"@type\":\"WebPage\",\"@id\":\"https:\/\/mustangclubsweden.org\/ostra-gotaland\/\",\"url\":\"https:\/\/mustangclubsweden.org\/ostra-gotaland\/\",\"name\":\"Startsida \\u00d6stra G\\u00f6taland\"}}]}]}<\/script>\n<!-- \/ Yoast SEO plugin. -->","_links":{"self":[{"href":"https:\/\/mustangclubsweden.org\/ostra-gotaland\/wp-json\/wp\/v2\/pages\/2"}],"collection":[{"href":"https:\/\/mustangclubsweden.org\/ostra-gotaland\/wp-json\/wp\/v2\/pages"}],"about":[{"href":"https:\/\/mustangclubsweden.org\/ostra-gotaland\/wp-json\/wp\/v2\/types\/page"}],"author":[{"embeddable":true,"href":"https:\/\/mustangclubsweden.org\/ostra-gotaland\/wp-json\/wp\/v2\/users\/1"}],"replies":[{"embeddable":true,"href":"https:\/\/mustangclubsweden.org\/ostra-gotaland\/wp-json\/wp\/v2\/comments?post=2"}],"version-history":[{"count":4,"href":"https:\/\/mustangclubsweden.org\/ostra-gotaland\/wp-json\/wp\/v2\/pages\/2\/revisions"}],"predecessor-version":[{"id":482,"href":"https:\/\/mustangclubsweden.org\/ostra-gotaland\/wp-json\/wp\/v2\/pages\/2\/revisions\/482"}],"wp:featuredmedia":[{"embeddable":true,"href":"https:\/\/mustangclubsweden.org\/ostra-gotaland\/wp-json\/wp\/v2\/media\/672"}],"wp:attachment":[{"href":"https:\/\/mustangclubsweden.org\/ostra-gotaland\/wp-json\/wp\/v2\/media?parent=2"}],"curies":[{"name":"wp","href":"https:\/\/api.w.org\/{rel}","templated":true}]}}