{"id":2,"date":"2020-12-01T13:01:52","date_gmt":"2020-12-01T12:01:52","guid":{"rendered":"http:\/\/mustangklubben.hemsida.eu\/norrbotten\/?page_id=2"},"modified":"2024-04-16T22:15:50","modified_gmt":"2024-04-16T20:15:50","slug":"exempelsida","status":"publish","type":"page","link":"https:\/\/mustangclubsweden.org\/norrbotten\/","title":{"rendered":"Startsida Norrbotten"},"content":{"rendered":"","protected":false},"excerpt":{"rendered":"","protected":false},"author":1,"featured_media":642,"parent":0,"menu_order":0,"comment_status":"closed","ping_status":"closed","template":"page-templates\/startsida.php","meta":{"_monsterinsights_skip_tracking":false,"_monsterinsights_sitenote_active":false,"_monsterinsights_sitenote_note":"","_monsterinsights_sitenote_category":0},"yoast_head":"<!-- This site is optimized with the Yoast SEO plugin v16.1.1 - https:\/\/yoast.com\/wordpress\/plugins\/seo\/ -->\n<title>Norrbotten och Classic Mustang Club Sweden<\/title>\n<meta name=\"description\" content=\"Norrbotten och Classic Mustang Club Sweden \u00e4r en sj\u00e4lvklarhet f\u00f6r dig som brinner f\u00f6r Ford Mustang \u2013 the first Ponycar!\" \/>\n<link rel=\"canonical\" href=\"https:\/\/mustangclubsweden.org\/norrbotten\/\" \/>\n<meta property=\"og:locale\" content=\"sv_SE\" \/>\n<meta property=\"og:type\" content=\"article\" \/>\n<meta property=\"og:title\" content=\"Norrbotten och Classic Mustang Club Sweden\" \/>\n<meta property=\"og:description\" content=\"Norrbotten och Classic Mustang Club Sweden \u00e4r en sj\u00e4lvklarhet f\u00f6r dig som brinner f\u00f6r Ford Mustang \u2013 the first Ponycar!\" \/>\n<meta property=\"og:url\" content=\"https:\/\/mustangclubsweden.org\/norrbotten\/\" \/>\n<meta property=\"og:site_name\" content=\"Norrbotten\" \/>\n<meta property=\"article:modified_time\" content=\"2024-04-16T20:15:50+00:00\" \/>\n<meta property=\"og:image\" content=\"https:\/\/mustangclubsweden.org\/norrbotten\/wp-content\/uploads\/sites\/4\/2023\/08\/KeyTown6.jpg\" \/>\n\t<meta property=\"og:image:width\" content=\"2016\" \/>\n\t<meta property=\"og:image:height\" content=\"1134\" \/>\n<meta name=\"twitter:card\" content=\"summary_large_image\" \/>\n<script type=\"application\/ld+json\" class=\"yoast-schema-graph\">{\"@context\":\"https:\/\/schema.org\",\"@graph\":[{\"@type\":\"WebSite\",\"@id\":\"https:\/\/mustangclubsweden.org\/norrbotten\/#website\",\"url\":\"https:\/\/mustangclubsweden.org\/norrbotten\/\",\"name\":\"Norrbotten\",\"description\":\"Region Norrbotten hos Classic Mustang Club Sweden\",\"potentialAction\":[{\"@type\":\"SearchAction\",\"target\":\"https:\/\/mustangclubsweden.org\/norrbotten\/?s={search_term_string}\",\"query-input\":\"required name=search_term_string\"}],\"inLanguage\":\"sv-SE\"},{\"@type\":\"ImageObject\",\"@id\":\"https:\/\/mustangclubsweden.org\/norrbotten\/#primaryimage\",\"inLanguage\":\"sv-SE\",\"url\":\"https:\/\/mustangclubsweden.org\/norrbotten\/wp-content\/uploads\/sites\/4\/2023\/08\/KeyTown6.jpg\",\"contentUrl\":\"https:\/\/mustangclubsweden.org\/norrbotten\/wp-content\/uploads\/sites\/4\/2023\/08\/KeyTown6.jpg\",\"width\":2016,\"height\":1134,\"caption\":\"KeyTown6\"},{\"@type\":\"WebPage\",\"@id\":\"https:\/\/mustangclubsweden.org\/norrbotten\/#webpage\",\"url\":\"https:\/\/mustangclubsweden.org\/norrbotten\/\",\"name\":\"Norrbotten och Classic Mustang Club Sweden\",\"isPartOf\":{\"@id\":\"https:\/\/mustangclubsweden.org\/norrbotten\/#website\"},\"primaryImageOfPage\":{\"@id\":\"https:\/\/mustangclubsweden.org\/norrbotten\/#primaryimage\"},\"datePublished\":\"2020-12-01T12:01:52+00:00\",\"dateModified\":\"2024-04-16T20:15:50+00:00\",\"description\":\"Norrbotten och Classic Mustang Club Sweden \\u00e4r en sj\\u00e4lvklarhet f\\u00f6r dig som brinner f\\u00f6r Ford Mustang \\u2013 the first Ponycar!\",\"breadcrumb\":{\"@id\":\"https:\/\/mustangclubsweden.org\/norrbotten\/#breadcrumb\"},\"inLanguage\":\"sv-SE\",\"potentialAction\":[{\"@type\":\"ReadAction\",\"target\":[\"https:\/\/mustangclubsweden.org\/norrbotten\/\"]}]},{\"@type\":\"BreadcrumbList\",\"@id\":\"https:\/\/mustangclubsweden.org\/norrbotten\/#breadcrumb\",\"itemListElement\":[{\"@type\":\"ListItem\",\"position\":1,\"item\":{\"@type\":\"WebPage\",\"@id\":\"https:\/\/mustangclubsweden.org\/norrbotten\/\",\"url\":\"https:\/\/mustangclubsweden.org\/norrbotten\/\",\"name\":\"Hem\"}},{\"@type\":\"ListItem\",\"position\":2,\"item\":{\"@type\":\"WebPage\",\"@id\":\"https:\/\/mustangclubsweden.org\/norrbotten\/\",\"url\":\"https:\/\/mustangclubsweden.org\/norrbotten\/\",\"name\":\"Startsida Norrbotten\"}}]}]}<\/script>\n<!-- \/ Yoast SEO plugin. -->","_links":{"self":[{"href":"https:\/\/mustangclubsweden.org\/norrbotten\/wp-json\/wp\/v2\/pages\/2"}],"collection":[{"href":"https:\/\/mustangclubsweden.org\/norrbotten\/wp-json\/wp\/v2\/pages"}],"about":[{"href":"https:\/\/mustangclubsweden.org\/norrbotten\/wp-json\/wp\/v2\/types\/page"}],"author":[{"embeddable":true,"href":"https:\/\/mustangclubsweden.org\/norrbotten\/wp-json\/wp\/v2\/users\/1"}],"replies":[{"embeddable":true,"href":"https:\/\/mustangclubsweden.org\/norrbotten\/wp-json\/wp\/v2\/comments?post=2"}],"version-history":[{"count":4,"href":"https:\/\/mustangclubsweden.org\/norrbotten\/wp-json\/wp\/v2\/pages\/2\/revisions"}],"predecessor-version":[{"id":666,"href":"https:\/\/mustangclubsweden.org\/norrbotten\/wp-json\/wp\/v2\/pages\/2\/revisions\/666"}],"wp:featuredmedia":[{"embeddable":true,"href":"https:\/\/mustangclubsweden.org\/norrbotten\/wp-json\/wp\/v2\/media\/642"}],"wp:attachment":[{"href":"https:\/\/mustangclubsweden.org\/norrbotten\/wp-json\/wp\/v2\/media?parent=2"}],"curies":[{"name":"wp","href":"https:\/\/api.w.org\/{rel}","templated":true}]}}