{"id":2,"date":"2020-12-01T13:01:24","date_gmt":"2020-12-01T12:01:24","guid":{"rendered":"http:\/\/mustangklubben.hemsida.eu\/gotland\/?page_id=2"},"modified":"2023-08-13T10:35:51","modified_gmt":"2023-08-13T08:35:51","slug":"exempelsida","status":"publish","type":"page","link":"https:\/\/mustangclubsweden.org\/gotland\/","title":{"rendered":"Start gotland"},"content":{"rendered":"","protected":false},"excerpt":{"rendered":"","protected":false},"author":1,"featured_media":0,"parent":0,"menu_order":0,"comment_status":"closed","ping_status":"closed","template":"page-templates\/startsida.php","meta":{"_monsterinsights_skip_tracking":false,"_monsterinsights_sitenote_active":false,"_monsterinsights_sitenote_note":"","_monsterinsights_sitenote_category":0},"yoast_head":"<!-- This site is optimized with the Yoast SEO plugin v16.1.1 - https:\/\/yoast.com\/wordpress\/plugins\/seo\/ -->\n<title>Gotland - Classic Mustang Club Sweden<\/title>\n<meta name=\"description\" content=\"Gotland och Classic Mustang Club Sweden \u00e4r en sj\u00e4lvklarhet f\u00f6r dig som brinner f\u00f6r Ford Mustang \u2013 the first Ponycar! Bli medlem idag!\" \/>\n<link rel=\"canonical\" href=\"https:\/\/mustangclubsweden.org\/gotland\/\" \/>\n<meta property=\"og:locale\" content=\"sv_SE\" \/>\n<meta property=\"og:type\" content=\"article\" \/>\n<meta property=\"og:title\" content=\"Gotland - Classic Mustang Club Sweden\" \/>\n<meta property=\"og:description\" content=\"Gotland och Classic Mustang Club Sweden \u00e4r en sj\u00e4lvklarhet f\u00f6r dig som brinner f\u00f6r Ford Mustang \u2013 the first Ponycar! Bli medlem idag!\" \/>\n<meta property=\"og:url\" content=\"https:\/\/mustangclubsweden.org\/gotland\/\" \/>\n<meta property=\"og:site_name\" content=\"Gotland\" \/>\n<meta property=\"article:modified_time\" content=\"2023-08-13T08:35:51+00:00\" \/>\n<meta name=\"twitter:card\" content=\"summary_large_image\" \/>\n<script type=\"application\/ld+json\" class=\"yoast-schema-graph\">{\"@context\":\"https:\/\/schema.org\",\"@graph\":[{\"@type\":\"WebSite\",\"@id\":\"https:\/\/mustangclubsweden.org\/gotland\/#website\",\"url\":\"https:\/\/mustangclubsweden.org\/gotland\/\",\"name\":\"Gotland\",\"description\":\"Region Gotland hos Classic Mustang Club Sweden\",\"potentialAction\":[{\"@type\":\"SearchAction\",\"target\":\"https:\/\/mustangclubsweden.org\/gotland\/?s={search_term_string}\",\"query-input\":\"required name=search_term_string\"}],\"inLanguage\":\"sv-SE\"},{\"@type\":\"WebPage\",\"@id\":\"https:\/\/mustangclubsweden.org\/gotland\/#webpage\",\"url\":\"https:\/\/mustangclubsweden.org\/gotland\/\",\"name\":\"Gotland - Classic Mustang Club Sweden\",\"isPartOf\":{\"@id\":\"https:\/\/mustangclubsweden.org\/gotland\/#website\"},\"datePublished\":\"2020-12-01T12:01:24+00:00\",\"dateModified\":\"2023-08-13T08:35:51+00:00\",\"description\":\"Gotland och Classic Mustang Club Sweden \\u00e4r en sj\\u00e4lvklarhet f\\u00f6r dig som brinner f\\u00f6r Ford Mustang \\u2013 the first Ponycar! Bli medlem idag!\",\"breadcrumb\":{\"@id\":\"https:\/\/mustangclubsweden.org\/gotland\/#breadcrumb\"},\"inLanguage\":\"sv-SE\",\"potentialAction\":[{\"@type\":\"ReadAction\",\"target\":[\"https:\/\/mustangclubsweden.org\/gotland\/\"]}]},{\"@type\":\"BreadcrumbList\",\"@id\":\"https:\/\/mustangclubsweden.org\/gotland\/#breadcrumb\",\"itemListElement\":[{\"@type\":\"ListItem\",\"position\":1,\"item\":{\"@type\":\"WebPage\",\"@id\":\"https:\/\/mustangclubsweden.org\/gotland\/\",\"url\":\"https:\/\/mustangclubsweden.org\/gotland\/\",\"name\":\"Hem\"}},{\"@type\":\"ListItem\",\"position\":2,\"item\":{\"@type\":\"WebPage\",\"@id\":\"https:\/\/mustangclubsweden.org\/gotland\/\",\"url\":\"https:\/\/mustangclubsweden.org\/gotland\/\",\"name\":\"Start gotland\"}}]}]}<\/script>\n<!-- \/ Yoast SEO plugin. -->","_links":{"self":[{"href":"https:\/\/mustangclubsweden.org\/gotland\/wp-json\/wp\/v2\/pages\/2"}],"collection":[{"href":"https:\/\/mustangclubsweden.org\/gotland\/wp-json\/wp\/v2\/pages"}],"about":[{"href":"https:\/\/mustangclubsweden.org\/gotland\/wp-json\/wp\/v2\/types\/page"}],"author":[{"embeddable":true,"href":"https:\/\/mustangclubsweden.org\/gotland\/wp-json\/wp\/v2\/users\/1"}],"replies":[{"embeddable":true,"href":"https:\/\/mustangclubsweden.org\/gotland\/wp-json\/wp\/v2\/comments?post=2"}],"version-history":[{"count":7,"href":"https:\/\/mustangclubsweden.org\/gotland\/wp-json\/wp\/v2\/pages\/2\/revisions"}],"predecessor-version":[{"id":423,"href":"https:\/\/mustangclubsweden.org\/gotland\/wp-json\/wp\/v2\/pages\/2\/revisions\/423"}],"wp:attachment":[{"href":"https:\/\/mustangclubsweden.org\/gotland\/wp-json\/wp\/v2\/media?parent=2"}],"curies":[{"name":"wp","href":"https:\/\/api.w.org\/{rel}","templated":true}]}}